{"id":11,"date":"2025-12-26T19:32:41","date_gmt":"2025-12-26T19:32:41","guid":{"rendered":"https:\/\/carnnavalcoffee.com\/?post_type=product&#038;p=11"},"modified":"2026-04-14T20:44:59","modified_gmt":"2026-04-14T20:44:59","slug":"cafe-con-wisky","status":"publish","type":"product","link":"https:\/\/carnnavalcoffee.com\/en\/product\/cafe-con-wisky\/","title":{"rendered":"Caf\u00e9 Whisky"},"content":{"rendered":"<p>Este caf\u00e9 colombiano es una invitaci\u00f3n a disfrutar una experiencia arom\u00e1tica y equilibrada, pensada para quienes valoran el buen sabor en cada taza. Su perfil suave pero expresivo combina tradici\u00f3n cafetera con un car\u00e1cter moderno y accesible, ideal tanto para el consumo diario como para compartir momentos especiales. Es una excelente opci\u00f3n para quienes buscan un caf\u00e9 confiable, con notas agradables y una presentaci\u00f3n atractiva que transmite calidad desde el primer vistazo.<\/p>","protected":false},"excerpt":{"rendered":"<p>Caf\u00e9 de origen colombiano, variedad Castillo Natural, con tosti\u00f3n media y un proceso especial de co-fermentaci\u00f3n con whisky Jack Daniel\u2019s, que aporta complejidad y profundidad al perfil de taza. Presenta <strong>notas marcadas a roble, frutos rojos y cacao,<\/strong> logrando un balance entre dulzor, cuerpo medio y una acidez suave y agradable. Es un caf\u00e9 colombiano de perfil comercial premium, ideal tanto en grano como molido, pensado para quienes valoran sabores definidos y una experiencia sensorial distinta en cada preparaci\u00f3n.<\/p>\n<p><strong>Notas: Roble, frutos rojos y cacao.<\/strong><\/p>","protected":false},"featured_media":16644,"template":"","meta":{"_joinchat":[]},"product_brand":[],"product_cat":[73],"product_tag":[],"class_list":{"0":"post-11","1":"product","2":"type-product","3":"status-publish","4":"has-post-thumbnail","6":"product_cat-cafe-colombiano","8":"first","9":"instock","10":"shipping-taxable","11":"purchasable","12":"product-type-variable"},"yoast_head":"<!-- This site is optimized with the Yoast SEO plugin v27.0 - https:\/\/yoast.com\/product\/yoast-seo-wordpress\/ -->\n<title>Caf\u00e9 Whisky - Carnnaval Coffee | Caf\u00e9 del Eje cafetero<\/title>\n<meta name=\"robots\" content=\"index, follow, max-snippet:-1, max-image-preview:large, max-video-preview:-1\" \/>\n<link rel=\"canonical\" href=\"https:\/\/carnnavalcoffee.com\/en\/product\/cafe-con-wisky\/\" \/>\n<meta property=\"og:locale\" content=\"en_US\" \/>\n<meta property=\"og:type\" content=\"article\" \/>\n<meta property=\"og:title\" content=\"Caf\u00e9 Whisky - Carnnaval Coffee | Caf\u00e9 del Eje cafetero\" \/>\n<meta property=\"og:description\" content=\"Caf\u00e9 de origen colombiano, variedad Castillo Natural, con tosti\u00f3n media y un proceso especial de co-fermentaci\u00f3n con whisky Jack Daniel\u2019s, que aporta complejidad y profundidad al perfil de taza. Presenta notas marcadas a roble, frutos rojos y cacao, logrando un balance entre dulzor, cuerpo medio y una acidez suave y agradable. Es un caf\u00e9 colombiano de perfil comercial premium, ideal tanto en grano como molido, pensado para quienes valoran sabores definidos y una experiencia sensorial distinta en cada preparaci\u00f3n.  Notas: Roble, frutos rojos y cacao.\" \/>\n<meta property=\"og:url\" content=\"https:\/\/carnnavalcoffee.com\/en\/product\/cafe-con-wisky\/\" \/>\n<meta property=\"og:site_name\" content=\"Carnnaval Coffee | Caf\u00e9 del Eje cafetero\" \/>\n<meta property=\"article:modified_time\" content=\"2026-04-14T20:44:59+00:00\" \/>\n<meta property=\"og:image\" content=\"https:\/\/carnnavalcoffee.com\/wp-content\/uploads\/2025\/12\/Cafe-colombiano-de-whisky.jpg\" \/>\n\t<meta property=\"og:image:width\" content=\"904\" \/>\n\t<meta property=\"og:image:height\" content=\"1344\" \/>\n\t<meta property=\"og:image:type\" content=\"image\/jpeg\" \/>\n<meta name=\"twitter:card\" content=\"summary_large_image\" \/>\n<meta name=\"twitter:label1\" content=\"Est. reading time\" \/>\n\t<meta name=\"twitter:data1\" content=\"1 minute\" \/>\n<script type=\"application\/ld+json\" class=\"yoast-schema-graph\">{\"@context\":\"https:\/\/schema.org\",\"@graph\":[{\"@type\":\"WebPage\",\"@id\":\"https:\/\/carnnavalcoffee.com\/producto\/cafe-con-wisky\/\",\"url\":\"https:\/\/carnnavalcoffee.com\/producto\/cafe-con-wisky\/\",\"name\":\"Caf\u00e9 Whisky - Carnnaval Coffee | Caf\u00e9 del Eje cafetero\",\"isPartOf\":{\"@id\":\"https:\/\/carnnavalcoffee.com\/#website\"},\"primaryImageOfPage\":{\"@id\":\"https:\/\/carnnavalcoffee.com\/producto\/cafe-con-wisky\/#primaryimage\"},\"image\":{\"@id\":\"https:\/\/carnnavalcoffee.com\/producto\/cafe-con-wisky\/#primaryimage\"},\"thumbnailUrl\":\"https:\/\/carnnavalcoffee.com\/wp-content\/uploads\/2025\/12\/Cafe-colombiano-de-whisky.jpg\",\"datePublished\":\"2025-12-26T19:32:41+00:00\",\"dateModified\":\"2026-04-14T20:44:59+00:00\",\"breadcrumb\":{\"@id\":\"https:\/\/carnnavalcoffee.com\/producto\/cafe-con-wisky\/#breadcrumb\"},\"inLanguage\":\"en-US\",\"potentialAction\":[{\"@type\":\"ReadAction\",\"target\":[\"https:\/\/carnnavalcoffee.com\/producto\/cafe-con-wisky\/\"]}]},{\"@type\":\"ImageObject\",\"inLanguage\":\"en-US\",\"@id\":\"https:\/\/carnnavalcoffee.com\/producto\/cafe-con-wisky\/#primaryimage\",\"url\":\"https:\/\/carnnavalcoffee.com\/wp-content\/uploads\/2025\/12\/Cafe-colombiano-de-whisky.jpg\",\"contentUrl\":\"https:\/\/carnnavalcoffee.com\/wp-content\/uploads\/2025\/12\/Cafe-colombiano-de-whisky.jpg\",\"width\":904,\"height\":1344,\"caption\":\"Plain dark black wall product background\"},{\"@type\":\"BreadcrumbList\",\"@id\":\"https:\/\/carnnavalcoffee.com\/producto\/cafe-con-wisky\/#breadcrumb\",\"itemListElement\":[{\"@type\":\"ListItem\",\"position\":1,\"name\":\"Inicio\",\"item\":\"https:\/\/carnnavalcoffee.com\/\"},{\"@type\":\"ListItem\",\"position\":2,\"name\":\"Tienda\",\"item\":\"https:\/\/carnnavalcoffee.com\/tienda\/\"},{\"@type\":\"ListItem\",\"position\":3,\"name\":\"Caf\u00e9 Whisky\"}]},{\"@type\":\"WebSite\",\"@id\":\"https:\/\/carnnavalcoffee.com\/#website\",\"url\":\"https:\/\/carnnavalcoffee.com\/\",\"name\":\"Carnnaval Coffee | Caf\u00e9 del Eje cafetero\",\"description\":\"Caf\u00e9 de especialidad\",\"publisher\":{\"@id\":\"https:\/\/carnnavalcoffee.com\/#organization\"},\"potentialAction\":[{\"@type\":\"SearchAction\",\"target\":{\"@type\":\"EntryPoint\",\"urlTemplate\":\"https:\/\/carnnavalcoffee.com\/?s={search_term_string}\"},\"query-input\":{\"@type\":\"PropertyValueSpecification\",\"valueRequired\":true,\"valueName\":\"search_term_string\"}}],\"inLanguage\":\"en-US\"},{\"@type\":\"Organization\",\"@id\":\"https:\/\/carnnavalcoffee.com\/#organization\",\"name\":\"Carnnaval Coffee | Caf\u00e9 del Eje cafetero\",\"url\":\"https:\/\/carnnavalcoffee.com\/\",\"logo\":{\"@type\":\"ImageObject\",\"inLanguage\":\"en-US\",\"@id\":\"https:\/\/carnnavalcoffee.com\/#\/schema\/logo\/image\/\",\"url\":\"https:\/\/carnnavalcoffee.com\/wp-content\/uploads\/2025\/12\/a13a3f503538dcd4aeb872e3eb0f9f0d-mardi-gras-6.webp\",\"contentUrl\":\"https:\/\/carnnavalcoffee.com\/wp-content\/uploads\/2025\/12\/a13a3f503538dcd4aeb872e3eb0f9f0d-mardi-gras-6.webp\",\"width\":512,\"height\":512,\"caption\":\"Carnnaval Coffee |  Caf\u00e9 del Eje cafetero \"},\"image\":{\"@id\":\"https:\/\/carnnavalcoffee.com\/#\/schema\/logo\/image\/\"}}]}<\/script>\n<!-- \/ Yoast SEO plugin. -->","yoast_head_json":{"title":"Caf\u00e9 Whisky - Carnnaval Coffee | Caf\u00e9 del Eje cafetero","robots":{"index":"index","follow":"follow","max-snippet":"max-snippet:-1","max-image-preview":"max-image-preview:large","max-video-preview":"max-video-preview:-1"},"canonical":"https:\/\/carnnavalcoffee.com\/en\/product\/cafe-con-wisky\/","og_locale":"en_US","og_type":"article","og_title":"Caf\u00e9 Whisky - Carnnaval Coffee | Caf\u00e9 del Eje cafetero","og_description":"Caf\u00e9 de origen colombiano, variedad Castillo Natural, con tosti\u00f3n media y un proceso especial de co-fermentaci\u00f3n con whisky Jack Daniel\u2019s, que aporta complejidad y profundidad al perfil de taza. Presenta notas marcadas a roble, frutos rojos y cacao, logrando un balance entre dulzor, cuerpo medio y una acidez suave y agradable. Es un caf\u00e9 colombiano de perfil comercial premium, ideal tanto en grano como molido, pensado para quienes valoran sabores definidos y una experiencia sensorial distinta en cada preparaci\u00f3n.  Notas: Roble, frutos rojos y cacao.","og_url":"https:\/\/carnnavalcoffee.com\/en\/product\/cafe-con-wisky\/","og_site_name":"Carnnaval Coffee | Caf\u00e9 del Eje cafetero","article_modified_time":"2026-04-14T20:44:59+00:00","og_image":[{"width":904,"height":1344,"url":"https:\/\/carnnavalcoffee.com\/wp-content\/uploads\/2025\/12\/Cafe-colombiano-de-whisky.jpg","type":"image\/jpeg"}],"twitter_card":"summary_large_image","twitter_misc":{"Est. reading time":"1 minute"},"schema":{"@context":"https:\/\/schema.org","@graph":[{"@type":"WebPage","@id":"https:\/\/carnnavalcoffee.com\/producto\/cafe-con-wisky\/","url":"https:\/\/carnnavalcoffee.com\/producto\/cafe-con-wisky\/","name":"Caf\u00e9 Whisky - Carnnaval Coffee | Caf\u00e9 del Eje cafetero","isPartOf":{"@id":"https:\/\/carnnavalcoffee.com\/#website"},"primaryImageOfPage":{"@id":"https:\/\/carnnavalcoffee.com\/producto\/cafe-con-wisky\/#primaryimage"},"image":{"@id":"https:\/\/carnnavalcoffee.com\/producto\/cafe-con-wisky\/#primaryimage"},"thumbnailUrl":"https:\/\/carnnavalcoffee.com\/wp-content\/uploads\/2025\/12\/Cafe-colombiano-de-whisky.jpg","datePublished":"2025-12-26T19:32:41+00:00","dateModified":"2026-04-14T20:44:59+00:00","breadcrumb":{"@id":"https:\/\/carnnavalcoffee.com\/producto\/cafe-con-wisky\/#breadcrumb"},"inLanguage":"en-US","potentialAction":[{"@type":"ReadAction","target":["https:\/\/carnnavalcoffee.com\/producto\/cafe-con-wisky\/"]}]},{"@type":"ImageObject","inLanguage":"en-US","@id":"https:\/\/carnnavalcoffee.com\/producto\/cafe-con-wisky\/#primaryimage","url":"https:\/\/carnnavalcoffee.com\/wp-content\/uploads\/2025\/12\/Cafe-colombiano-de-whisky.jpg","contentUrl":"https:\/\/carnnavalcoffee.com\/wp-content\/uploads\/2025\/12\/Cafe-colombiano-de-whisky.jpg","width":904,"height":1344,"caption":"Plain dark black wall product background"},{"@type":"BreadcrumbList","@id":"https:\/\/carnnavalcoffee.com\/producto\/cafe-con-wisky\/#breadcrumb","itemListElement":[{"@type":"ListItem","position":1,"name":"Inicio","item":"https:\/\/carnnavalcoffee.com\/"},{"@type":"ListItem","position":2,"name":"Tienda","item":"https:\/\/carnnavalcoffee.com\/tienda\/"},{"@type":"ListItem","position":3,"name":"Caf\u00e9 Whisky"}]},{"@type":"WebSite","@id":"https:\/\/carnnavalcoffee.com\/#website","url":"https:\/\/carnnavalcoffee.com\/","name":"Carnnaval Coffee | Caf\u00e9 del Eje cafetero","description":"Caf\u00e9 de especialidad","publisher":{"@id":"https:\/\/carnnavalcoffee.com\/#organization"},"potentialAction":[{"@type":"SearchAction","target":{"@type":"EntryPoint","urlTemplate":"https:\/\/carnnavalcoffee.com\/?s={search_term_string}"},"query-input":{"@type":"PropertyValueSpecification","valueRequired":true,"valueName":"search_term_string"}}],"inLanguage":"en-US"},{"@type":"Organization","@id":"https:\/\/carnnavalcoffee.com\/#organization","name":"Carnnaval Coffee | Caf\u00e9 del Eje cafetero","url":"https:\/\/carnnavalcoffee.com\/","logo":{"@type":"ImageObject","inLanguage":"en-US","@id":"https:\/\/carnnavalcoffee.com\/#\/schema\/logo\/image\/","url":"https:\/\/carnnavalcoffee.com\/wp-content\/uploads\/2025\/12\/a13a3f503538dcd4aeb872e3eb0f9f0d-mardi-gras-6.webp","contentUrl":"https:\/\/carnnavalcoffee.com\/wp-content\/uploads\/2025\/12\/a13a3f503538dcd4aeb872e3eb0f9f0d-mardi-gras-6.webp","width":512,"height":512,"caption":"Carnnaval Coffee |  Caf\u00e9 del Eje cafetero "},"image":{"@id":"https:\/\/carnnavalcoffee.com\/#\/schema\/logo\/image\/"}}]}},"_links":{"self":[{"href":"https:\/\/carnnavalcoffee.com\/en\/wp-json\/wp\/v2\/product\/11","targetHints":{"allow":["GET"]}}],"collection":[{"href":"https:\/\/carnnavalcoffee.com\/en\/wp-json\/wp\/v2\/product"}],"about":[{"href":"https:\/\/carnnavalcoffee.com\/en\/wp-json\/wp\/v2\/types\/product"}],"wp:featuredmedia":[{"embeddable":true,"href":"https:\/\/carnnavalcoffee.com\/en\/wp-json\/wp\/v2\/media\/16644"}],"wp:attachment":[{"href":"https:\/\/carnnavalcoffee.com\/en\/wp-json\/wp\/v2\/media?parent=11"}],"wp:term":[{"taxonomy":"product_brand","embeddable":true,"href":"https:\/\/carnnavalcoffee.com\/en\/wp-json\/wp\/v2\/product_brand?post=11"},{"taxonomy":"product_cat","embeddable":true,"href":"https:\/\/carnnavalcoffee.com\/en\/wp-json\/wp\/v2\/product_cat?post=11"},{"taxonomy":"product_tag","embeddable":true,"href":"https:\/\/carnnavalcoffee.com\/en\/wp-json\/wp\/v2\/product_tag?post=11"}],"curies":[{"name":"wp","href":"https:\/\/api.w.org\/{rel}","templated":true}]}}