{"id":19,"date":"2025-12-26T20:17:02","date_gmt":"2025-12-26T20:17:02","guid":{"rendered":"https:\/\/carnnavalcoffee.com\/?post_type=product&#038;p=19"},"modified":"2026-04-14T20:35:09","modified_gmt":"2026-04-14T20:35:09","slug":"cafe-con-ron-370-gr","status":"publish","type":"product","link":"https:\/\/carnnavalcoffee.com\/en\/product\/cafe-con-ron-370-gr\/","title":{"rendered":"Caf\u00e9 Ron"},"content":{"rendered":"<p>Es una propuesta sofisticada y atractiva para los amantes del caf\u00e9 que buscan una experiencia diferente y con car\u00e1cter. Elaborado a partir de caf\u00e9 colombiano variedad Castillo Honey y co-fermentado con Ron Medell\u00edn 8 a\u00f1os, este caf\u00e9 ofrece un perfil equilibrado, intenso y envolvente. Su tosti\u00f3n media resalta sabores profundos y una fragancia cautivadora, ideal para disfrutar en momentos especiales o para sorprender a clientes que valoran productos premium con un toque innovador.<\/p>","protected":false},"excerpt":{"rendered":"<p>Este caf\u00e9 colombiano variedad Castillo Honey, de tosti\u00f3n media, ha sido cuidadosamente co-fermentado con Ron Medell\u00edn 8 a\u00f1os, logrando una fusi\u00f3n arm\u00f3nica entre el grano y las notas caracter\u00edsticas del ron a\u00f1ejo. El proceso de fermentaci\u00f3n controlada potencia su complejidad sensorial, brindando una taza con cuerpo medio, textura suave y un perfil arom\u00e1tico distintivo. Es ideal para m\u00e9todos filtrados y espresso, ofreciendo una experiencia elegante y persistente en cada sorbo.<\/p>\n<p>Notas:<br \/>\nAmaderado \u00b7 Chocolate \u00b7 Cacao<\/p>","protected":false},"featured_media":16639,"template":"","meta":{"_joinchat":[]},"product_brand":[],"product_cat":[73],"product_tag":[],"class_list":{"0":"post-19","1":"product","2":"type-product","3":"status-publish","4":"has-post-thumbnail","6":"product_cat-cafe-colombiano","8":"first","9":"instock","10":"shipping-taxable","11":"purchasable","12":"product-type-variable"},"yoast_head":"<!-- This site is optimized with the Yoast SEO plugin v27.0 - https:\/\/yoast.com\/product\/yoast-seo-wordpress\/ -->\n<title>Caf\u00e9 Ron - Carnnaval Coffee | Caf\u00e9 del Eje cafetero<\/title>\n<meta name=\"robots\" content=\"index, follow, max-snippet:-1, max-image-preview:large, max-video-preview:-1\" \/>\n<link rel=\"canonical\" href=\"https:\/\/carnnavalcoffee.com\/en\/product\/cafe-con-ron-370-gr\/\" \/>\n<meta property=\"og:locale\" content=\"en_US\" \/>\n<meta property=\"og:type\" content=\"article\" \/>\n<meta property=\"og:title\" content=\"Caf\u00e9 Ron - Carnnaval Coffee | Caf\u00e9 del Eje cafetero\" \/>\n<meta property=\"og:description\" content=\"Este caf\u00e9 colombiano variedad Castillo Honey, de tosti\u00f3n media, ha sido cuidadosamente co-fermentado con Ron Medell\u00edn 8 a\u00f1os, logrando una fusi\u00f3n arm\u00f3nica entre el grano y las notas caracter\u00edsticas del ron a\u00f1ejo. El proceso de fermentaci\u00f3n controlada potencia su complejidad sensorial, brindando una taza con cuerpo medio, textura suave y un perfil arom\u00e1tico distintivo. Es ideal para m\u00e9todos filtrados y espresso, ofreciendo una experiencia elegante y persistente en cada sorbo.  Notas: Amaderado \u00b7 Chocolate \u00b7 Cacao\" \/>\n<meta property=\"og:url\" content=\"https:\/\/carnnavalcoffee.com\/en\/product\/cafe-con-ron-370-gr\/\" \/>\n<meta property=\"og:site_name\" content=\"Carnnaval Coffee | Caf\u00e9 del Eje cafetero\" \/>\n<meta property=\"article:modified_time\" content=\"2026-04-14T20:35:09+00:00\" \/>\n<meta property=\"og:image\" content=\"https:\/\/carnnavalcoffee.com\/wp-content\/uploads\/2025\/12\/Cafe-colombiano-4.jpg\" \/>\n\t<meta property=\"og:image:width\" content=\"904\" \/>\n\t<meta property=\"og:image:height\" content=\"1344\" \/>\n\t<meta property=\"og:image:type\" content=\"image\/jpeg\" \/>\n<meta name=\"twitter:card\" content=\"summary_large_image\" \/>\n<meta name=\"twitter:label1\" content=\"Est. reading time\" \/>\n\t<meta name=\"twitter:data1\" content=\"1 minute\" \/>\n<script type=\"application\/ld+json\" class=\"yoast-schema-graph\">{\"@context\":\"https:\/\/schema.org\",\"@graph\":[{\"@type\":\"WebPage\",\"@id\":\"https:\/\/carnnavalcoffee.com\/producto\/cafe-con-ron-370-gr\/\",\"url\":\"https:\/\/carnnavalcoffee.com\/producto\/cafe-con-ron-370-gr\/\",\"name\":\"Caf\u00e9 Ron - Carnnaval Coffee | Caf\u00e9 del Eje cafetero\",\"isPartOf\":{\"@id\":\"https:\/\/carnnavalcoffee.com\/#website\"},\"primaryImageOfPage\":{\"@id\":\"https:\/\/carnnavalcoffee.com\/producto\/cafe-con-ron-370-gr\/#primaryimage\"},\"image\":{\"@id\":\"https:\/\/carnnavalcoffee.com\/producto\/cafe-con-ron-370-gr\/#primaryimage\"},\"thumbnailUrl\":\"https:\/\/carnnavalcoffee.com\/wp-content\/uploads\/2025\/12\/Cafe-colombiano-4.jpg\",\"datePublished\":\"2025-12-26T20:17:02+00:00\",\"dateModified\":\"2026-04-14T20:35:09+00:00\",\"breadcrumb\":{\"@id\":\"https:\/\/carnnavalcoffee.com\/producto\/cafe-con-ron-370-gr\/#breadcrumb\"},\"inLanguage\":\"en-US\",\"potentialAction\":[{\"@type\":\"ReadAction\",\"target\":[\"https:\/\/carnnavalcoffee.com\/producto\/cafe-con-ron-370-gr\/\"]}]},{\"@type\":\"ImageObject\",\"inLanguage\":\"en-US\",\"@id\":\"https:\/\/carnnavalcoffee.com\/producto\/cafe-con-ron-370-gr\/#primaryimage\",\"url\":\"https:\/\/carnnavalcoffee.com\/wp-content\/uploads\/2025\/12\/Cafe-colombiano-4.jpg\",\"contentUrl\":\"https:\/\/carnnavalcoffee.com\/wp-content\/uploads\/2025\/12\/Cafe-colombiano-4.jpg\",\"width\":904,\"height\":1344,\"caption\":\"Plain dark black wall product background\"},{\"@type\":\"BreadcrumbList\",\"@id\":\"https:\/\/carnnavalcoffee.com\/producto\/cafe-con-ron-370-gr\/#breadcrumb\",\"itemListElement\":[{\"@type\":\"ListItem\",\"position\":1,\"name\":\"Inicio\",\"item\":\"https:\/\/carnnavalcoffee.com\/\"},{\"@type\":\"ListItem\",\"position\":2,\"name\":\"Tienda\",\"item\":\"https:\/\/carnnavalcoffee.com\/tienda\/\"},{\"@type\":\"ListItem\",\"position\":3,\"name\":\"Caf\u00e9 Ron\"}]},{\"@type\":\"WebSite\",\"@id\":\"https:\/\/carnnavalcoffee.com\/#website\",\"url\":\"https:\/\/carnnavalcoffee.com\/\",\"name\":\"Carnnaval Coffee | Caf\u00e9 del Eje cafetero\",\"description\":\"Caf\u00e9 de especialidad\",\"publisher\":{\"@id\":\"https:\/\/carnnavalcoffee.com\/#organization\"},\"potentialAction\":[{\"@type\":\"SearchAction\",\"target\":{\"@type\":\"EntryPoint\",\"urlTemplate\":\"https:\/\/carnnavalcoffee.com\/?s={search_term_string}\"},\"query-input\":{\"@type\":\"PropertyValueSpecification\",\"valueRequired\":true,\"valueName\":\"search_term_string\"}}],\"inLanguage\":\"en-US\"},{\"@type\":\"Organization\",\"@id\":\"https:\/\/carnnavalcoffee.com\/#organization\",\"name\":\"Carnnaval Coffee | Caf\u00e9 del Eje cafetero\",\"url\":\"https:\/\/carnnavalcoffee.com\/\",\"logo\":{\"@type\":\"ImageObject\",\"inLanguage\":\"en-US\",\"@id\":\"https:\/\/carnnavalcoffee.com\/#\/schema\/logo\/image\/\",\"url\":\"https:\/\/carnnavalcoffee.com\/wp-content\/uploads\/2025\/12\/a13a3f503538dcd4aeb872e3eb0f9f0d-mardi-gras-6.webp\",\"contentUrl\":\"https:\/\/carnnavalcoffee.com\/wp-content\/uploads\/2025\/12\/a13a3f503538dcd4aeb872e3eb0f9f0d-mardi-gras-6.webp\",\"width\":512,\"height\":512,\"caption\":\"Carnnaval Coffee |  Caf\u00e9 del Eje cafetero \"},\"image\":{\"@id\":\"https:\/\/carnnavalcoffee.com\/#\/schema\/logo\/image\/\"}}]}<\/script>\n<!-- \/ Yoast SEO plugin. -->","yoast_head_json":{"title":"Caf\u00e9 Ron - Carnnaval Coffee | Caf\u00e9 del Eje cafetero","robots":{"index":"index","follow":"follow","max-snippet":"max-snippet:-1","max-image-preview":"max-image-preview:large","max-video-preview":"max-video-preview:-1"},"canonical":"https:\/\/carnnavalcoffee.com\/en\/product\/cafe-con-ron-370-gr\/","og_locale":"en_US","og_type":"article","og_title":"Caf\u00e9 Ron - Carnnaval Coffee | Caf\u00e9 del Eje cafetero","og_description":"Este caf\u00e9 colombiano variedad Castillo Honey, de tosti\u00f3n media, ha sido cuidadosamente co-fermentado con Ron Medell\u00edn 8 a\u00f1os, logrando una fusi\u00f3n arm\u00f3nica entre el grano y las notas caracter\u00edsticas del ron a\u00f1ejo. El proceso de fermentaci\u00f3n controlada potencia su complejidad sensorial, brindando una taza con cuerpo medio, textura suave y un perfil arom\u00e1tico distintivo. Es ideal para m\u00e9todos filtrados y espresso, ofreciendo una experiencia elegante y persistente en cada sorbo.  Notas: Amaderado \u00b7 Chocolate \u00b7 Cacao","og_url":"https:\/\/carnnavalcoffee.com\/en\/product\/cafe-con-ron-370-gr\/","og_site_name":"Carnnaval Coffee | Caf\u00e9 del Eje cafetero","article_modified_time":"2026-04-14T20:35:09+00:00","og_image":[{"width":904,"height":1344,"url":"https:\/\/carnnavalcoffee.com\/wp-content\/uploads\/2025\/12\/Cafe-colombiano-4.jpg","type":"image\/jpeg"}],"twitter_card":"summary_large_image","twitter_misc":{"Est. reading time":"1 minute"},"schema":{"@context":"https:\/\/schema.org","@graph":[{"@type":"WebPage","@id":"https:\/\/carnnavalcoffee.com\/producto\/cafe-con-ron-370-gr\/","url":"https:\/\/carnnavalcoffee.com\/producto\/cafe-con-ron-370-gr\/","name":"Caf\u00e9 Ron - Carnnaval Coffee | Caf\u00e9 del Eje cafetero","isPartOf":{"@id":"https:\/\/carnnavalcoffee.com\/#website"},"primaryImageOfPage":{"@id":"https:\/\/carnnavalcoffee.com\/producto\/cafe-con-ron-370-gr\/#primaryimage"},"image":{"@id":"https:\/\/carnnavalcoffee.com\/producto\/cafe-con-ron-370-gr\/#primaryimage"},"thumbnailUrl":"https:\/\/carnnavalcoffee.com\/wp-content\/uploads\/2025\/12\/Cafe-colombiano-4.jpg","datePublished":"2025-12-26T20:17:02+00:00","dateModified":"2026-04-14T20:35:09+00:00","breadcrumb":{"@id":"https:\/\/carnnavalcoffee.com\/producto\/cafe-con-ron-370-gr\/#breadcrumb"},"inLanguage":"en-US","potentialAction":[{"@type":"ReadAction","target":["https:\/\/carnnavalcoffee.com\/producto\/cafe-con-ron-370-gr\/"]}]},{"@type":"ImageObject","inLanguage":"en-US","@id":"https:\/\/carnnavalcoffee.com\/producto\/cafe-con-ron-370-gr\/#primaryimage","url":"https:\/\/carnnavalcoffee.com\/wp-content\/uploads\/2025\/12\/Cafe-colombiano-4.jpg","contentUrl":"https:\/\/carnnavalcoffee.com\/wp-content\/uploads\/2025\/12\/Cafe-colombiano-4.jpg","width":904,"height":1344,"caption":"Plain dark black wall product background"},{"@type":"BreadcrumbList","@id":"https:\/\/carnnavalcoffee.com\/producto\/cafe-con-ron-370-gr\/#breadcrumb","itemListElement":[{"@type":"ListItem","position":1,"name":"Inicio","item":"https:\/\/carnnavalcoffee.com\/"},{"@type":"ListItem","position":2,"name":"Tienda","item":"https:\/\/carnnavalcoffee.com\/tienda\/"},{"@type":"ListItem","position":3,"name":"Caf\u00e9 Ron"}]},{"@type":"WebSite","@id":"https:\/\/carnnavalcoffee.com\/#website","url":"https:\/\/carnnavalcoffee.com\/","name":"Carnnaval Coffee | Caf\u00e9 del Eje cafetero","description":"Caf\u00e9 de especialidad","publisher":{"@id":"https:\/\/carnnavalcoffee.com\/#organization"},"potentialAction":[{"@type":"SearchAction","target":{"@type":"EntryPoint","urlTemplate":"https:\/\/carnnavalcoffee.com\/?s={search_term_string}"},"query-input":{"@type":"PropertyValueSpecification","valueRequired":true,"valueName":"search_term_string"}}],"inLanguage":"en-US"},{"@type":"Organization","@id":"https:\/\/carnnavalcoffee.com\/#organization","name":"Carnnaval Coffee | Caf\u00e9 del Eje cafetero","url":"https:\/\/carnnavalcoffee.com\/","logo":{"@type":"ImageObject","inLanguage":"en-US","@id":"https:\/\/carnnavalcoffee.com\/#\/schema\/logo\/image\/","url":"https:\/\/carnnavalcoffee.com\/wp-content\/uploads\/2025\/12\/a13a3f503538dcd4aeb872e3eb0f9f0d-mardi-gras-6.webp","contentUrl":"https:\/\/carnnavalcoffee.com\/wp-content\/uploads\/2025\/12\/a13a3f503538dcd4aeb872e3eb0f9f0d-mardi-gras-6.webp","width":512,"height":512,"caption":"Carnnaval Coffee |  Caf\u00e9 del Eje cafetero "},"image":{"@id":"https:\/\/carnnavalcoffee.com\/#\/schema\/logo\/image\/"}}]}},"_links":{"self":[{"href":"https:\/\/carnnavalcoffee.com\/en\/wp-json\/wp\/v2\/product\/19","targetHints":{"allow":["GET"]}}],"collection":[{"href":"https:\/\/carnnavalcoffee.com\/en\/wp-json\/wp\/v2\/product"}],"about":[{"href":"https:\/\/carnnavalcoffee.com\/en\/wp-json\/wp\/v2\/types\/product"}],"wp:featuredmedia":[{"embeddable":true,"href":"https:\/\/carnnavalcoffee.com\/en\/wp-json\/wp\/v2\/media\/16639"}],"wp:attachment":[{"href":"https:\/\/carnnavalcoffee.com\/en\/wp-json\/wp\/v2\/media?parent=19"}],"wp:term":[{"taxonomy":"product_brand","embeddable":true,"href":"https:\/\/carnnavalcoffee.com\/en\/wp-json\/wp\/v2\/product_brand?post=19"},{"taxonomy":"product_cat","embeddable":true,"href":"https:\/\/carnnavalcoffee.com\/en\/wp-json\/wp\/v2\/product_cat?post=19"},{"taxonomy":"product_tag","embeddable":true,"href":"https:\/\/carnnavalcoffee.com\/en\/wp-json\/wp\/v2\/product_tag?post=19"}],"curies":[{"name":"wp","href":"https:\/\/api.w.org\/{rel}","templated":true}]}}