{"id":25,"date":"2025-12-26T20:41:21","date_gmt":"2025-12-26T20:41:21","guid":{"rendered":"https:\/\/carnnavalcoffee.com\/?post_type=product&#038;p=25"},"modified":"2026-04-14T20:43:24","modified_gmt":"2026-04-14T20:43:24","slug":"cafe-con-tequila","status":"publish","type":"product","link":"https:\/\/carnnavalcoffee.com\/en\/product\/cafe-con-tequila\/","title":{"rendered":"Caf\u00e9 Tequila"},"content":{"rendered":"<p class=\"_aupe copyable-text x15bjb6t x1n2onr6\"><span class=\"_aupe copyable-text xkrh14z\">Es una propuesta audaz y sofisticada que combina la tradici\u00f3n del caf\u00e9 colombiano con un proceso innovador de co-fermentaci\u00f3n en tequila Jos\u00e9 Cuervo. Este caf\u00e9 est\u00e1 pensado para consumidores que buscan experiencias sensoriales diferentes, intensas y memorables. Su perfil equilibrado y su tosti\u00f3n media resaltan sabores profundos y envolventes, convirti\u00e9ndolo en una opci\u00f3n ideal para regalar, disfrutar en ocasiones especiales o elevar el ritual diario del caf\u00e9 con un toque distintivo y moderno.<\/span><\/p>\n<p class=\"_aupe copyable-text x15bjb6t x1n2onr6\">","protected":false},"excerpt":{"rendered":"<p class=\"_aupe copyable-text x15bjb6t x1n2onr6\"><span class=\"_aupe copyable-text xkrh14z\">Se elabora a partir de variedad Castillo Honey, con tosti\u00f3n media, cuidadosamente co-fermentado con tequila Jos\u00e9 Cuervo para lograr un perfil arom\u00e1tico \u00fanico. Es un caf\u00e9 de origen colombiano, trabajado bajo procesos controlados que permiten integrar de forma armoniosa las caracter\u00edsticas del grano con las notas aportadas por el tequila, manteniendo un balance entre intensidad, suavidad y complejidad en taza.<\/span><\/p>\n<p class=\"_aupe copyable-text x15bjb6t x1n2onr6\"><span class=\"_aupe copyable-text xkrh14z\">Notas: roble \u00b7 frutos secos \u00b7 cacao<\/span><\/p>","protected":false},"featured_media":16734,"template":"","meta":{"_joinchat":[]},"product_brand":[],"product_cat":[73],"product_tag":[],"class_list":{"0":"post-25","1":"product","2":"type-product","3":"status-publish","4":"has-post-thumbnail","6":"product_cat-cafe-colombiano","8":"first","9":"instock","10":"shipping-taxable","11":"purchasable","12":"product-type-variable"},"yoast_head":"<!-- This site is optimized with the Yoast SEO plugin v27.0 - https:\/\/yoast.com\/product\/yoast-seo-wordpress\/ -->\n<title>Caf\u00e9 Tequila - Carnnaval Coffee | Caf\u00e9 del Eje cafetero<\/title>\n<meta name=\"robots\" content=\"index, follow, max-snippet:-1, max-image-preview:large, max-video-preview:-1\" \/>\n<link rel=\"canonical\" href=\"https:\/\/carnnavalcoffee.com\/en\/product\/cafe-con-tequila\/\" \/>\n<meta property=\"og:locale\" content=\"en_US\" \/>\n<meta property=\"og:type\" content=\"article\" \/>\n<meta property=\"og:title\" content=\"Caf\u00e9 Tequila - Carnnaval Coffee | Caf\u00e9 del Eje cafetero\" \/>\n<meta property=\"og:description\" content=\"Se elabora a partir de variedad Castillo Honey, con tosti\u00f3n media, cuidadosamente co-fermentado con tequila Jos\u00e9 Cuervo para lograr un perfil arom\u00e1tico \u00fanico. Es un caf\u00e9 de origen colombiano, trabajado bajo procesos controlados que permiten integrar de forma armoniosa las caracter\u00edsticas del grano con las notas aportadas por el tequila, manteniendo un balance entre intensidad, suavidad y complejidad en taza. Notas: roble \u00b7 frutos secos \u00b7 cacao\" \/>\n<meta property=\"og:url\" content=\"https:\/\/carnnavalcoffee.com\/en\/product\/cafe-con-tequila\/\" \/>\n<meta property=\"og:site_name\" content=\"Carnnaval Coffee | Caf\u00e9 del Eje cafetero\" \/>\n<meta property=\"article:modified_time\" content=\"2026-04-14T20:43:24+00:00\" \/>\n<meta property=\"og:image\" content=\"https:\/\/carnnavalcoffee.com\/wp-content\/uploads\/2025\/12\/Cafe-colombiano-de-tequila-copia.webp\" \/>\n\t<meta property=\"og:image:width\" content=\"904\" \/>\n\t<meta property=\"og:image:height\" content=\"1344\" \/>\n\t<meta property=\"og:image:type\" content=\"image\/webp\" \/>\n<meta name=\"twitter:card\" content=\"summary_large_image\" \/>\n<meta name=\"twitter:label1\" content=\"Est. reading time\" \/>\n\t<meta name=\"twitter:data1\" content=\"1 minute\" \/>\n<script type=\"application\/ld+json\" class=\"yoast-schema-graph\">{\"@context\":\"https:\/\/schema.org\",\"@graph\":[{\"@type\":\"WebPage\",\"@id\":\"https:\/\/carnnavalcoffee.com\/producto\/cafe-con-tequila\/\",\"url\":\"https:\/\/carnnavalcoffee.com\/producto\/cafe-con-tequila\/\",\"name\":\"Caf\u00e9 Tequila - Carnnaval Coffee | Caf\u00e9 del Eje cafetero\",\"isPartOf\":{\"@id\":\"https:\/\/carnnavalcoffee.com\/#website\"},\"primaryImageOfPage\":{\"@id\":\"https:\/\/carnnavalcoffee.com\/producto\/cafe-con-tequila\/#primaryimage\"},\"image\":{\"@id\":\"https:\/\/carnnavalcoffee.com\/producto\/cafe-con-tequila\/#primaryimage\"},\"thumbnailUrl\":\"https:\/\/carnnavalcoffee.com\/wp-content\/uploads\/2025\/12\/Cafe-colombiano-de-tequila-copia.webp\",\"datePublished\":\"2025-12-26T20:41:21+00:00\",\"dateModified\":\"2026-04-14T20:43:24+00:00\",\"breadcrumb\":{\"@id\":\"https:\/\/carnnavalcoffee.com\/producto\/cafe-con-tequila\/#breadcrumb\"},\"inLanguage\":\"en-US\",\"potentialAction\":[{\"@type\":\"ReadAction\",\"target\":[\"https:\/\/carnnavalcoffee.com\/producto\/cafe-con-tequila\/\"]}]},{\"@type\":\"ImageObject\",\"inLanguage\":\"en-US\",\"@id\":\"https:\/\/carnnavalcoffee.com\/producto\/cafe-con-tequila\/#primaryimage\",\"url\":\"https:\/\/carnnavalcoffee.com\/wp-content\/uploads\/2025\/12\/Cafe-colombiano-de-tequila-copia.webp\",\"contentUrl\":\"https:\/\/carnnavalcoffee.com\/wp-content\/uploads\/2025\/12\/Cafe-colombiano-de-tequila-copia.webp\",\"width\":904,\"height\":1344},{\"@type\":\"BreadcrumbList\",\"@id\":\"https:\/\/carnnavalcoffee.com\/producto\/cafe-con-tequila\/#breadcrumb\",\"itemListElement\":[{\"@type\":\"ListItem\",\"position\":1,\"name\":\"Inicio\",\"item\":\"https:\/\/carnnavalcoffee.com\/\"},{\"@type\":\"ListItem\",\"position\":2,\"name\":\"Tienda\",\"item\":\"https:\/\/carnnavalcoffee.com\/tienda\/\"},{\"@type\":\"ListItem\",\"position\":3,\"name\":\"Caf\u00e9 Tequila\"}]},{\"@type\":\"WebSite\",\"@id\":\"https:\/\/carnnavalcoffee.com\/#website\",\"url\":\"https:\/\/carnnavalcoffee.com\/\",\"name\":\"Carnnaval Coffee | Caf\u00e9 del Eje cafetero\",\"description\":\"Caf\u00e9 de especialidad\",\"publisher\":{\"@id\":\"https:\/\/carnnavalcoffee.com\/#organization\"},\"potentialAction\":[{\"@type\":\"SearchAction\",\"target\":{\"@type\":\"EntryPoint\",\"urlTemplate\":\"https:\/\/carnnavalcoffee.com\/?s={search_term_string}\"},\"query-input\":{\"@type\":\"PropertyValueSpecification\",\"valueRequired\":true,\"valueName\":\"search_term_string\"}}],\"inLanguage\":\"en-US\"},{\"@type\":\"Organization\",\"@id\":\"https:\/\/carnnavalcoffee.com\/#organization\",\"name\":\"Carnnaval Coffee | Caf\u00e9 del Eje cafetero\",\"url\":\"https:\/\/carnnavalcoffee.com\/\",\"logo\":{\"@type\":\"ImageObject\",\"inLanguage\":\"en-US\",\"@id\":\"https:\/\/carnnavalcoffee.com\/#\/schema\/logo\/image\/\",\"url\":\"https:\/\/carnnavalcoffee.com\/wp-content\/uploads\/2025\/12\/a13a3f503538dcd4aeb872e3eb0f9f0d-mardi-gras-6.webp\",\"contentUrl\":\"https:\/\/carnnavalcoffee.com\/wp-content\/uploads\/2025\/12\/a13a3f503538dcd4aeb872e3eb0f9f0d-mardi-gras-6.webp\",\"width\":512,\"height\":512,\"caption\":\"Carnnaval Coffee |  Caf\u00e9 del Eje cafetero \"},\"image\":{\"@id\":\"https:\/\/carnnavalcoffee.com\/#\/schema\/logo\/image\/\"}}]}<\/script>\n<!-- \/ Yoast SEO plugin. -->","yoast_head_json":{"title":"Caf\u00e9 Tequila - Carnnaval Coffee | Caf\u00e9 del Eje cafetero","robots":{"index":"index","follow":"follow","max-snippet":"max-snippet:-1","max-image-preview":"max-image-preview:large","max-video-preview":"max-video-preview:-1"},"canonical":"https:\/\/carnnavalcoffee.com\/en\/product\/cafe-con-tequila\/","og_locale":"en_US","og_type":"article","og_title":"Caf\u00e9 Tequila - Carnnaval Coffee | Caf\u00e9 del Eje cafetero","og_description":"Se elabora a partir de variedad Castillo Honey, con tosti\u00f3n media, cuidadosamente co-fermentado con tequila Jos\u00e9 Cuervo para lograr un perfil arom\u00e1tico \u00fanico. Es un caf\u00e9 de origen colombiano, trabajado bajo procesos controlados que permiten integrar de forma armoniosa las caracter\u00edsticas del grano con las notas aportadas por el tequila, manteniendo un balance entre intensidad, suavidad y complejidad en taza. Notas: roble \u00b7 frutos secos \u00b7 cacao","og_url":"https:\/\/carnnavalcoffee.com\/en\/product\/cafe-con-tequila\/","og_site_name":"Carnnaval Coffee | Caf\u00e9 del Eje cafetero","article_modified_time":"2026-04-14T20:43:24+00:00","og_image":[{"width":904,"height":1344,"url":"https:\/\/carnnavalcoffee.com\/wp-content\/uploads\/2025\/12\/Cafe-colombiano-de-tequila-copia.webp","type":"image\/webp"}],"twitter_card":"summary_large_image","twitter_misc":{"Est. reading time":"1 minute"},"schema":{"@context":"https:\/\/schema.org","@graph":[{"@type":"WebPage","@id":"https:\/\/carnnavalcoffee.com\/producto\/cafe-con-tequila\/","url":"https:\/\/carnnavalcoffee.com\/producto\/cafe-con-tequila\/","name":"Caf\u00e9 Tequila - Carnnaval Coffee | Caf\u00e9 del Eje cafetero","isPartOf":{"@id":"https:\/\/carnnavalcoffee.com\/#website"},"primaryImageOfPage":{"@id":"https:\/\/carnnavalcoffee.com\/producto\/cafe-con-tequila\/#primaryimage"},"image":{"@id":"https:\/\/carnnavalcoffee.com\/producto\/cafe-con-tequila\/#primaryimage"},"thumbnailUrl":"https:\/\/carnnavalcoffee.com\/wp-content\/uploads\/2025\/12\/Cafe-colombiano-de-tequila-copia.webp","datePublished":"2025-12-26T20:41:21+00:00","dateModified":"2026-04-14T20:43:24+00:00","breadcrumb":{"@id":"https:\/\/carnnavalcoffee.com\/producto\/cafe-con-tequila\/#breadcrumb"},"inLanguage":"en-US","potentialAction":[{"@type":"ReadAction","target":["https:\/\/carnnavalcoffee.com\/producto\/cafe-con-tequila\/"]}]},{"@type":"ImageObject","inLanguage":"en-US","@id":"https:\/\/carnnavalcoffee.com\/producto\/cafe-con-tequila\/#primaryimage","url":"https:\/\/carnnavalcoffee.com\/wp-content\/uploads\/2025\/12\/Cafe-colombiano-de-tequila-copia.webp","contentUrl":"https:\/\/carnnavalcoffee.com\/wp-content\/uploads\/2025\/12\/Cafe-colombiano-de-tequila-copia.webp","width":904,"height":1344},{"@type":"BreadcrumbList","@id":"https:\/\/carnnavalcoffee.com\/producto\/cafe-con-tequila\/#breadcrumb","itemListElement":[{"@type":"ListItem","position":1,"name":"Inicio","item":"https:\/\/carnnavalcoffee.com\/"},{"@type":"ListItem","position":2,"name":"Tienda","item":"https:\/\/carnnavalcoffee.com\/tienda\/"},{"@type":"ListItem","position":3,"name":"Caf\u00e9 Tequila"}]},{"@type":"WebSite","@id":"https:\/\/carnnavalcoffee.com\/#website","url":"https:\/\/carnnavalcoffee.com\/","name":"Carnnaval Coffee | Caf\u00e9 del Eje cafetero","description":"Caf\u00e9 de especialidad","publisher":{"@id":"https:\/\/carnnavalcoffee.com\/#organization"},"potentialAction":[{"@type":"SearchAction","target":{"@type":"EntryPoint","urlTemplate":"https:\/\/carnnavalcoffee.com\/?s={search_term_string}"},"query-input":{"@type":"PropertyValueSpecification","valueRequired":true,"valueName":"search_term_string"}}],"inLanguage":"en-US"},{"@type":"Organization","@id":"https:\/\/carnnavalcoffee.com\/#organization","name":"Carnnaval Coffee | Caf\u00e9 del Eje cafetero","url":"https:\/\/carnnavalcoffee.com\/","logo":{"@type":"ImageObject","inLanguage":"en-US","@id":"https:\/\/carnnavalcoffee.com\/#\/schema\/logo\/image\/","url":"https:\/\/carnnavalcoffee.com\/wp-content\/uploads\/2025\/12\/a13a3f503538dcd4aeb872e3eb0f9f0d-mardi-gras-6.webp","contentUrl":"https:\/\/carnnavalcoffee.com\/wp-content\/uploads\/2025\/12\/a13a3f503538dcd4aeb872e3eb0f9f0d-mardi-gras-6.webp","width":512,"height":512,"caption":"Carnnaval Coffee |  Caf\u00e9 del Eje cafetero "},"image":{"@id":"https:\/\/carnnavalcoffee.com\/#\/schema\/logo\/image\/"}}]}},"_links":{"self":[{"href":"https:\/\/carnnavalcoffee.com\/en\/wp-json\/wp\/v2\/product\/25","targetHints":{"allow":["GET"]}}],"collection":[{"href":"https:\/\/carnnavalcoffee.com\/en\/wp-json\/wp\/v2\/product"}],"about":[{"href":"https:\/\/carnnavalcoffee.com\/en\/wp-json\/wp\/v2\/types\/product"}],"wp:featuredmedia":[{"embeddable":true,"href":"https:\/\/carnnavalcoffee.com\/en\/wp-json\/wp\/v2\/media\/16734"}],"wp:attachment":[{"href":"https:\/\/carnnavalcoffee.com\/en\/wp-json\/wp\/v2\/media?parent=25"}],"wp:term":[{"taxonomy":"product_brand","embeddable":true,"href":"https:\/\/carnnavalcoffee.com\/en\/wp-json\/wp\/v2\/product_brand?post=25"},{"taxonomy":"product_cat","embeddable":true,"href":"https:\/\/carnnavalcoffee.com\/en\/wp-json\/wp\/v2\/product_cat?post=25"},{"taxonomy":"product_tag","embeddable":true,"href":"https:\/\/carnnavalcoffee.com\/en\/wp-json\/wp\/v2\/product_tag?post=25"}],"curies":[{"name":"wp","href":"https:\/\/api.w.org\/{rel}","templated":true}]}}