{"id":32,"date":"2025-12-26T21:04:21","date_gmt":"2025-12-26T21:04:21","guid":{"rendered":"https:\/\/carnnavalcoffee.com\/?post_type=product&#038;p=32"},"modified":"2026-04-14T20:41:41","modified_gmt":"2026-04-14T20:41:41","slug":"cafe-con-sandia","status":"publish","type":"product","link":"https:\/\/carnnavalcoffee.com\/en\/product\/cafe-con-sandia\/","title":{"rendered":"Caf\u00e9 Sandia"},"content":{"rendered":"<p>Este caf\u00e9 es una propuesta fresca e innovadora que transforma la experiencia tradicional del caf\u00e9 colombiano a trav\u00e9s de un proceso de co-fermentaci\u00f3n con levaduras mediante t\u00e9cnica <em data-start=\"417\" data-end=\"428\">culturing<\/em>. Pensado para consumidores curiosos y amantes de los perfiles sensoriales diferentes, ofrece una experiencia llamativa, moderna y sofisticada. Su tosti\u00f3n media resalta un perfil dulce, balanceado y muy arom\u00e1tico, ideal para quienes buscan sorprender su paladar, disfrutar momentos especiales o elevar su rutina diaria con un caf\u00e9 expresivo y memorable.<\/p>\n<div class=\"relative basis-auto flex-col -mb-(--composer-overlap-px) [--composer-overlap-px:28px] grow flex\">\n<div class=\"flex flex-col text-sm pb-25\">\n<article class=\"text-token-text-primary w-full focus:outline-none [--shadow-height:45px] has-data-writing-block:pointer-events-none has-data-writing-block:-mt-(--shadow-height) has-data-writing-block:pt-(--shadow-height) [&amp;:has([data-writing-block])&gt;*]:pointer-events-auto scroll-mt-[calc(var(--header-height)+min(200px,max(70px,20svh)))]\" dir=\"auto\" tabindex=\"-1\" data-turn-id=\"request-693c5a1e-f64c-8327-a974-88b809194591-2\" data-testid=\"conversation-turn-128\" data-scroll-anchor=\"true\" data-turn=\"assistant\">\n<div class=\"text-base my-auto mx-auto pb-10 [--thread-content-margin:--spacing(4)] @w-sm\/main:[--thread-content-margin:--spacing(6)] @w-lg\/main:[--thread-content-margin:--spacing(16)] px-(--thread-content-margin)\">\n<div class=\"[--thread-content-max-width:40rem] @w-lg\/main:[--thread-content-max-width:48rem] mx-auto max-w-(--thread-content-max-width) flex-1 group\/turn-messages focus-visible:outline-hidden relative flex w-full min-w-0 flex-col agent-turn\" tabindex=\"-1\">\n<div class=\"flex max-w-full flex-col grow\">\n<div class=\"min-h-8 text-message relative flex w-full flex-col items-end gap-2 text-start break-words whitespace-normal [.text-message+&amp;]:mt-1\" dir=\"auto\" data-message-author-role=\"assistant\" data-message-id=\"779af5d2-c245-4110-a843-6795183dc9a3\" data-message-model-slug=\"gpt-5-2\">\n<div class=\"flex w-full flex-col gap-1 empty:hidden first:pt-[1px]\">\n<div class=\"markdown prose dark:prose-invert w-full break-words light markdown-new-styling\">\n<p data-start=\"1301\" data-end=\"1341\" data-is-last-node=\"\" data-is-only-node=\"\">\n<\/div>\n<\/div>\n<\/div>\n<\/div>\n<\/div>\n<\/div>\n<\/article>\n<\/div>\n<\/div>\n","protected":false},"excerpt":{"rendered":"<p>Caf\u00e9 colombiano de variedad <strong data-start=\"842\" data-end=\"859\">Caturro Honey<\/strong>, con tosti\u00f3n media y proceso de co-fermentaci\u00f3n con levaduras mediante <em data-start=\"931\" data-end=\"942\">culturing<\/em>, lo que permite desarrollar notas sensoriales \u00fanicas de manera natural. Este caf\u00e9 <strong data-start=\"1025\" data-end=\"1045\" data-is-only-node=\"\">no es saborizado<\/strong>; su perfil a sand\u00eda se obtiene gracias al proceso de fermentaci\u00f3n controlada, que potencia aromas frutales, dulzor y complejidad en taza. Presenta un cuerpo medio, acidez agradable y un final suave y persistente, ideal para m\u00e9todos filtrados y espresso.<\/p>\n<div class=\"relative basis-auto flex-col -mb-(--composer-overlap-px) [--composer-overlap-px:28px] grow flex\">\n<div class=\"flex flex-col text-sm pb-25\">\n<article class=\"text-token-text-primary w-full focus:outline-none [--shadow-height:45px] has-data-writing-block:pointer-events-none has-data-writing-block:-mt-(--shadow-height) has-data-writing-block:pt-(--shadow-height) [&amp;:has([data-writing-block])&gt;*]:pointer-events-auto scroll-mt-[calc(var(--header-height)+min(200px,max(70px,20svh)))]\" dir=\"auto\" tabindex=\"-1\" data-turn-id=\"request-693c5a1e-f64c-8327-a974-88b809194591-2\" data-testid=\"conversation-turn-128\" data-scroll-anchor=\"true\" data-turn=\"assistant\">\n<div class=\"text-base my-auto mx-auto pb-10 [--thread-content-margin:--spacing(4)] @w-sm\/main:[--thread-content-margin:--spacing(6)] @w-lg\/main:[--thread-content-margin:--spacing(16)] px-(--thread-content-margin)\">\n<div class=\"[--thread-content-max-width:40rem] @w-lg\/main:[--thread-content-max-width:48rem] mx-auto max-w-(--thread-content-max-width) flex-1 group\/turn-messages focus-visible:outline-hidden relative flex w-full min-w-0 flex-col agent-turn\" tabindex=\"-1\">\n<div class=\"flex max-w-full flex-col grow\">\n<div class=\"min-h-8 text-message relative flex w-full flex-col items-end gap-2 text-start break-words whitespace-normal [.text-message+&amp;]:mt-1\" dir=\"auto\" data-message-author-role=\"assistant\" data-message-id=\"779af5d2-c245-4110-a843-6795183dc9a3\" data-message-model-slug=\"gpt-5-2\">\n<div class=\"flex w-full flex-col gap-1 empty:hidden first:pt-[1px]\">\n<div class=\"markdown prose dark:prose-invert w-full break-words light markdown-new-styling\">\n<p data-start=\"1301\" data-end=\"1341\" data-is-last-node=\"\" data-is-only-node=\"\"><strong data-start=\"1301\" data-end=\"1311\">Notas:<\/strong> sand\u00eda \u2013 avellana \u2013 chocolate<\/p>\n<\/div>\n<\/div>\n<\/div>\n<\/div>\n<\/div>\n<\/div>\n<\/article>\n<\/div>\n<\/div>\n","protected":false},"featured_media":16643,"template":"","meta":{"_joinchat":[]},"product_brand":[],"product_cat":[73],"product_tag":[],"class_list":{"0":"post-32","1":"product","2":"type-product","3":"status-publish","4":"has-post-thumbnail","6":"product_cat-cafe-colombiano","8":"first","9":"instock","10":"shipping-taxable","11":"purchasable","12":"product-type-variable"},"yoast_head":"<!-- This site is optimized with the Yoast SEO plugin v27.0 - https:\/\/yoast.com\/product\/yoast-seo-wordpress\/ -->\n<title>Caf\u00e9 Sandia - Carnnaval Coffee | Caf\u00e9 del Eje cafetero<\/title>\n<meta name=\"robots\" content=\"index, follow, max-snippet:-1, max-image-preview:large, max-video-preview:-1\" \/>\n<link rel=\"canonical\" href=\"https:\/\/carnnavalcoffee.com\/en\/product\/cafe-con-sandia\/\" \/>\n<meta property=\"og:locale\" content=\"en_US\" \/>\n<meta property=\"og:type\" content=\"article\" \/>\n<meta property=\"og:title\" content=\"Caf\u00e9 Sandia - Carnnaval Coffee | Caf\u00e9 del Eje cafetero\" \/>\n<meta property=\"og:description\" content=\"Caf\u00e9 colombiano de variedad Caturro Honey, con tosti\u00f3n media y proceso de co-fermentaci\u00f3n con levaduras mediante culturing, lo que permite desarrollar notas sensoriales \u00fanicas de manera natural. Este caf\u00e9 no es saborizado; su perfil a sand\u00eda se obtiene gracias al proceso de fermentaci\u00f3n controlada, que potencia aromas frutales, dulzor y complejidad en taza. Presenta un cuerpo medio, acidez agradable y un final suave y persistente, ideal para m\u00e9todos filtrados y espresso.         Notas: sand\u00eda \u2013 avellana \u2013 chocolate\" \/>\n<meta property=\"og:url\" content=\"https:\/\/carnnavalcoffee.com\/en\/product\/cafe-con-sandia\/\" \/>\n<meta property=\"og:site_name\" content=\"Carnnaval Coffee | Caf\u00e9 del Eje cafetero\" \/>\n<meta property=\"article:modified_time\" content=\"2026-04-14T20:41:41+00:00\" \/>\n<meta property=\"og:image\" content=\"https:\/\/carnnavalcoffee.com\/wp-content\/uploads\/2025\/12\/Cafe-colombiano-de-sandia.jpg\" \/>\n\t<meta property=\"og:image:width\" content=\"904\" \/>\n\t<meta property=\"og:image:height\" content=\"1344\" \/>\n\t<meta property=\"og:image:type\" content=\"image\/jpeg\" \/>\n<meta name=\"twitter:card\" content=\"summary_large_image\" \/>\n<meta name=\"twitter:label1\" content=\"Est. reading time\" \/>\n\t<meta name=\"twitter:data1\" content=\"1 minute\" \/>\n<script type=\"application\/ld+json\" class=\"yoast-schema-graph\">{\"@context\":\"https:\/\/schema.org\",\"@graph\":[{\"@type\":\"WebPage\",\"@id\":\"https:\/\/carnnavalcoffee.com\/producto\/cafe-con-sandia\/\",\"url\":\"https:\/\/carnnavalcoffee.com\/producto\/cafe-con-sandia\/\",\"name\":\"Caf\u00e9 Sandia - Carnnaval Coffee | Caf\u00e9 del Eje cafetero\",\"isPartOf\":{\"@id\":\"https:\/\/carnnavalcoffee.com\/#website\"},\"primaryImageOfPage\":{\"@id\":\"https:\/\/carnnavalcoffee.com\/producto\/cafe-con-sandia\/#primaryimage\"},\"image\":{\"@id\":\"https:\/\/carnnavalcoffee.com\/producto\/cafe-con-sandia\/#primaryimage\"},\"thumbnailUrl\":\"https:\/\/carnnavalcoffee.com\/wp-content\/uploads\/2025\/12\/Cafe-colombiano-de-sandia.jpg\",\"datePublished\":\"2025-12-26T21:04:21+00:00\",\"dateModified\":\"2026-04-14T20:41:41+00:00\",\"breadcrumb\":{\"@id\":\"https:\/\/carnnavalcoffee.com\/producto\/cafe-con-sandia\/#breadcrumb\"},\"inLanguage\":\"en-US\",\"potentialAction\":[{\"@type\":\"ReadAction\",\"target\":[\"https:\/\/carnnavalcoffee.com\/producto\/cafe-con-sandia\/\"]}]},{\"@type\":\"ImageObject\",\"inLanguage\":\"en-US\",\"@id\":\"https:\/\/carnnavalcoffee.com\/producto\/cafe-con-sandia\/#primaryimage\",\"url\":\"https:\/\/carnnavalcoffee.com\/wp-content\/uploads\/2025\/12\/Cafe-colombiano-de-sandia.jpg\",\"contentUrl\":\"https:\/\/carnnavalcoffee.com\/wp-content\/uploads\/2025\/12\/Cafe-colombiano-de-sandia.jpg\",\"width\":904,\"height\":1344,\"caption\":\"Plain dark black wall product background\"},{\"@type\":\"BreadcrumbList\",\"@id\":\"https:\/\/carnnavalcoffee.com\/producto\/cafe-con-sandia\/#breadcrumb\",\"itemListElement\":[{\"@type\":\"ListItem\",\"position\":1,\"name\":\"Inicio\",\"item\":\"https:\/\/carnnavalcoffee.com\/\"},{\"@type\":\"ListItem\",\"position\":2,\"name\":\"Tienda\",\"item\":\"https:\/\/carnnavalcoffee.com\/tienda\/\"},{\"@type\":\"ListItem\",\"position\":3,\"name\":\"Caf\u00e9 Sandia\"}]},{\"@type\":\"WebSite\",\"@id\":\"https:\/\/carnnavalcoffee.com\/#website\",\"url\":\"https:\/\/carnnavalcoffee.com\/\",\"name\":\"Carnnaval Coffee | Caf\u00e9 del Eje cafetero\",\"description\":\"Caf\u00e9 de especialidad\",\"publisher\":{\"@id\":\"https:\/\/carnnavalcoffee.com\/#organization\"},\"potentialAction\":[{\"@type\":\"SearchAction\",\"target\":{\"@type\":\"EntryPoint\",\"urlTemplate\":\"https:\/\/carnnavalcoffee.com\/?s={search_term_string}\"},\"query-input\":{\"@type\":\"PropertyValueSpecification\",\"valueRequired\":true,\"valueName\":\"search_term_string\"}}],\"inLanguage\":\"en-US\"},{\"@type\":\"Organization\",\"@id\":\"https:\/\/carnnavalcoffee.com\/#organization\",\"name\":\"Carnnaval Coffee | Caf\u00e9 del Eje cafetero\",\"url\":\"https:\/\/carnnavalcoffee.com\/\",\"logo\":{\"@type\":\"ImageObject\",\"inLanguage\":\"en-US\",\"@id\":\"https:\/\/carnnavalcoffee.com\/#\/schema\/logo\/image\/\",\"url\":\"https:\/\/carnnavalcoffee.com\/wp-content\/uploads\/2025\/12\/a13a3f503538dcd4aeb872e3eb0f9f0d-mardi-gras-6.webp\",\"contentUrl\":\"https:\/\/carnnavalcoffee.com\/wp-content\/uploads\/2025\/12\/a13a3f503538dcd4aeb872e3eb0f9f0d-mardi-gras-6.webp\",\"width\":512,\"height\":512,\"caption\":\"Carnnaval Coffee |  Caf\u00e9 del Eje cafetero \"},\"image\":{\"@id\":\"https:\/\/carnnavalcoffee.com\/#\/schema\/logo\/image\/\"}}]}<\/script>\n<!-- \/ Yoast SEO plugin. -->","yoast_head_json":{"title":"Caf\u00e9 Sandia - Carnnaval Coffee | Caf\u00e9 del Eje cafetero","robots":{"index":"index","follow":"follow","max-snippet":"max-snippet:-1","max-image-preview":"max-image-preview:large","max-video-preview":"max-video-preview:-1"},"canonical":"https:\/\/carnnavalcoffee.com\/en\/product\/cafe-con-sandia\/","og_locale":"en_US","og_type":"article","og_title":"Caf\u00e9 Sandia - Carnnaval Coffee | Caf\u00e9 del Eje cafetero","og_description":"Caf\u00e9 colombiano de variedad Caturro Honey, con tosti\u00f3n media y proceso de co-fermentaci\u00f3n con levaduras mediante culturing, lo que permite desarrollar notas sensoriales \u00fanicas de manera natural. Este caf\u00e9 no es saborizado; su perfil a sand\u00eda se obtiene gracias al proceso de fermentaci\u00f3n controlada, que potencia aromas frutales, dulzor y complejidad en taza. Presenta un cuerpo medio, acidez agradable y un final suave y persistente, ideal para m\u00e9todos filtrados y espresso.         Notas: sand\u00eda \u2013 avellana \u2013 chocolate","og_url":"https:\/\/carnnavalcoffee.com\/en\/product\/cafe-con-sandia\/","og_site_name":"Carnnaval Coffee | Caf\u00e9 del Eje cafetero","article_modified_time":"2026-04-14T20:41:41+00:00","og_image":[{"width":904,"height":1344,"url":"https:\/\/carnnavalcoffee.com\/wp-content\/uploads\/2025\/12\/Cafe-colombiano-de-sandia.jpg","type":"image\/jpeg"}],"twitter_card":"summary_large_image","twitter_misc":{"Est. reading time":"1 minute"},"schema":{"@context":"https:\/\/schema.org","@graph":[{"@type":"WebPage","@id":"https:\/\/carnnavalcoffee.com\/producto\/cafe-con-sandia\/","url":"https:\/\/carnnavalcoffee.com\/producto\/cafe-con-sandia\/","name":"Caf\u00e9 Sandia - Carnnaval Coffee | Caf\u00e9 del Eje cafetero","isPartOf":{"@id":"https:\/\/carnnavalcoffee.com\/#website"},"primaryImageOfPage":{"@id":"https:\/\/carnnavalcoffee.com\/producto\/cafe-con-sandia\/#primaryimage"},"image":{"@id":"https:\/\/carnnavalcoffee.com\/producto\/cafe-con-sandia\/#primaryimage"},"thumbnailUrl":"https:\/\/carnnavalcoffee.com\/wp-content\/uploads\/2025\/12\/Cafe-colombiano-de-sandia.jpg","datePublished":"2025-12-26T21:04:21+00:00","dateModified":"2026-04-14T20:41:41+00:00","breadcrumb":{"@id":"https:\/\/carnnavalcoffee.com\/producto\/cafe-con-sandia\/#breadcrumb"},"inLanguage":"en-US","potentialAction":[{"@type":"ReadAction","target":["https:\/\/carnnavalcoffee.com\/producto\/cafe-con-sandia\/"]}]},{"@type":"ImageObject","inLanguage":"en-US","@id":"https:\/\/carnnavalcoffee.com\/producto\/cafe-con-sandia\/#primaryimage","url":"https:\/\/carnnavalcoffee.com\/wp-content\/uploads\/2025\/12\/Cafe-colombiano-de-sandia.jpg","contentUrl":"https:\/\/carnnavalcoffee.com\/wp-content\/uploads\/2025\/12\/Cafe-colombiano-de-sandia.jpg","width":904,"height":1344,"caption":"Plain dark black wall product background"},{"@type":"BreadcrumbList","@id":"https:\/\/carnnavalcoffee.com\/producto\/cafe-con-sandia\/#breadcrumb","itemListElement":[{"@type":"ListItem","position":1,"name":"Inicio","item":"https:\/\/carnnavalcoffee.com\/"},{"@type":"ListItem","position":2,"name":"Tienda","item":"https:\/\/carnnavalcoffee.com\/tienda\/"},{"@type":"ListItem","position":3,"name":"Caf\u00e9 Sandia"}]},{"@type":"WebSite","@id":"https:\/\/carnnavalcoffee.com\/#website","url":"https:\/\/carnnavalcoffee.com\/","name":"Carnnaval Coffee | Caf\u00e9 del Eje cafetero","description":"Caf\u00e9 de especialidad","publisher":{"@id":"https:\/\/carnnavalcoffee.com\/#organization"},"potentialAction":[{"@type":"SearchAction","target":{"@type":"EntryPoint","urlTemplate":"https:\/\/carnnavalcoffee.com\/?s={search_term_string}"},"query-input":{"@type":"PropertyValueSpecification","valueRequired":true,"valueName":"search_term_string"}}],"inLanguage":"en-US"},{"@type":"Organization","@id":"https:\/\/carnnavalcoffee.com\/#organization","name":"Carnnaval Coffee | Caf\u00e9 del Eje cafetero","url":"https:\/\/carnnavalcoffee.com\/","logo":{"@type":"ImageObject","inLanguage":"en-US","@id":"https:\/\/carnnavalcoffee.com\/#\/schema\/logo\/image\/","url":"https:\/\/carnnavalcoffee.com\/wp-content\/uploads\/2025\/12\/a13a3f503538dcd4aeb872e3eb0f9f0d-mardi-gras-6.webp","contentUrl":"https:\/\/carnnavalcoffee.com\/wp-content\/uploads\/2025\/12\/a13a3f503538dcd4aeb872e3eb0f9f0d-mardi-gras-6.webp","width":512,"height":512,"caption":"Carnnaval Coffee |  Caf\u00e9 del Eje cafetero "},"image":{"@id":"https:\/\/carnnavalcoffee.com\/#\/schema\/logo\/image\/"}}]}},"_links":{"self":[{"href":"https:\/\/carnnavalcoffee.com\/en\/wp-json\/wp\/v2\/product\/32","targetHints":{"allow":["GET"]}}],"collection":[{"href":"https:\/\/carnnavalcoffee.com\/en\/wp-json\/wp\/v2\/product"}],"about":[{"href":"https:\/\/carnnavalcoffee.com\/en\/wp-json\/wp\/v2\/types\/product"}],"wp:featuredmedia":[{"embeddable":true,"href":"https:\/\/carnnavalcoffee.com\/en\/wp-json\/wp\/v2\/media\/16643"}],"wp:attachment":[{"href":"https:\/\/carnnavalcoffee.com\/en\/wp-json\/wp\/v2\/media?parent=32"}],"wp:term":[{"taxonomy":"product_brand","embeddable":true,"href":"https:\/\/carnnavalcoffee.com\/en\/wp-json\/wp\/v2\/product_brand?post=32"},{"taxonomy":"product_cat","embeddable":true,"href":"https:\/\/carnnavalcoffee.com\/en\/wp-json\/wp\/v2\/product_cat?post=32"},{"taxonomy":"product_tag","embeddable":true,"href":"https:\/\/carnnavalcoffee.com\/en\/wp-json\/wp\/v2\/product_tag?post=32"}],"curies":[{"name":"wp","href":"https:\/\/api.w.org\/{rel}","templated":true}]}}