{"id":38,"date":"2025-12-26T21:16:49","date_gmt":"2025-12-26T21:16:49","guid":{"rendered":"https:\/\/carnnavalcoffee.com\/?post_type=product&#038;p=38"},"modified":"2026-04-14T20:33:54","modified_gmt":"2026-04-14T20:33:54","slug":"cafe-con-caramelo-370-gr","status":"publish","type":"product","link":"https:\/\/carnnavalcoffee.com\/en\/product\/cafe-con-caramelo-370-gr\/","title":{"rendered":"Caf\u00e9 Caramelo"},"content":{"rendered":"<p>Es una propuesta suave, equilibrada y altamente comercial, pensada para quienes disfrutan de sabores dulces y reconfortantes sin perder la esencia del buen caf\u00e9 colombiano. Elaborado a partir de caf\u00e9 Castillo lavado y con tosti\u00f3n media, ofrece una experiencia agradable y envolvente, ideal para el consumo diario, para compartir o para quienes buscan un caf\u00e9 f\u00e1cil de disfrutar, con un perfil amable y atractivo para todo tipo de paladar.<\/p>","protected":false},"excerpt":{"rendered":"<p data-start=\"698\" data-end=\"1163\">Este caf\u00e9 se elabora con granos de variedad Castillo mediante un proceso lavado y una tosti\u00f3n media que resalta su dulzura natural y su cuerpo balanceado. Su perfil sensorial es suave y redondo, con sabores que evocan notas dulces y achocolatadas, logrando una bebida armoniosa, arom\u00e1tica y de excelente aceptaci\u00f3n. Es un caf\u00e9 vers\u00e1til, ideal para m\u00e9todos filtrados o espresso, manteniendo una sensaci\u00f3n c\u00e1lida y persistente en boca.<\/p>\n<p data-start=\"1165\" data-end=\"1207\" data-is-last-node=\"\" data-is-only-node=\"\"><strong data-start=\"1165\" data-end=\"1175\">Notas:<\/strong> caramelo \u2013 avellana \u2013 chocolate<\/p>","protected":false},"featured_media":16640,"template":"","meta":{"_joinchat":[]},"product_brand":[],"product_cat":[73],"product_tag":[],"class_list":{"0":"post-38","1":"product","2":"type-product","3":"status-publish","4":"has-post-thumbnail","6":"product_cat-cafe-colombiano","8":"first","9":"instock","10":"shipping-taxable","11":"purchasable","12":"product-type-variable"},"yoast_head":"<!-- This site is optimized with the Yoast SEO plugin v27.0 - https:\/\/yoast.com\/product\/yoast-seo-wordpress\/ -->\n<title>Caf\u00e9 Caramelo - Carnnaval Coffee | Caf\u00e9 del Eje cafetero<\/title>\n<meta name=\"robots\" content=\"index, follow, max-snippet:-1, max-image-preview:large, max-video-preview:-1\" \/>\n<link rel=\"canonical\" href=\"https:\/\/carnnavalcoffee.com\/en\/product\/cafe-con-caramelo-370-gr\/\" \/>\n<meta property=\"og:locale\" content=\"en_US\" \/>\n<meta property=\"og:type\" content=\"article\" \/>\n<meta property=\"og:title\" content=\"Caf\u00e9 Caramelo - Carnnaval Coffee | Caf\u00e9 del Eje cafetero\" \/>\n<meta property=\"og:description\" content=\"Este caf\u00e9 se elabora con granos de variedad Castillo mediante un proceso lavado y una tosti\u00f3n media que resalta su dulzura natural y su cuerpo balanceado. Su perfil sensorial es suave y redondo, con sabores que evocan notas dulces y achocolatadas, logrando una bebida armoniosa, arom\u00e1tica y de excelente aceptaci\u00f3n. Es un caf\u00e9 vers\u00e1til, ideal para m\u00e9todos filtrados o espresso, manteniendo una sensaci\u00f3n c\u00e1lida y persistente en boca. Notas: caramelo \u2013 avellana \u2013 chocolate\" \/>\n<meta property=\"og:url\" content=\"https:\/\/carnnavalcoffee.com\/en\/product\/cafe-con-caramelo-370-gr\/\" \/>\n<meta property=\"og:site_name\" content=\"Carnnaval Coffee | Caf\u00e9 del Eje cafetero\" \/>\n<meta property=\"article:modified_time\" content=\"2026-04-14T20:33:54+00:00\" \/>\n<meta property=\"og:image\" content=\"https:\/\/carnnavalcoffee.com\/wp-content\/uploads\/2025\/12\/CAFE-CARNNAVAL.jpg\" \/>\n\t<meta property=\"og:image:width\" content=\"904\" \/>\n\t<meta property=\"og:image:height\" content=\"1344\" \/>\n\t<meta property=\"og:image:type\" content=\"image\/jpeg\" \/>\n<meta name=\"twitter:card\" content=\"summary_large_image\" \/>\n<meta name=\"twitter:label1\" content=\"Est. reading time\" \/>\n\t<meta name=\"twitter:data1\" content=\"1 minute\" \/>\n<script type=\"application\/ld+json\" class=\"yoast-schema-graph\">{\"@context\":\"https:\/\/schema.org\",\"@graph\":[{\"@type\":\"WebPage\",\"@id\":\"https:\/\/carnnavalcoffee.com\/producto\/cafe-con-caramelo-370-gr\/\",\"url\":\"https:\/\/carnnavalcoffee.com\/producto\/cafe-con-caramelo-370-gr\/\",\"name\":\"Caf\u00e9 Caramelo - Carnnaval Coffee | Caf\u00e9 del Eje cafetero\",\"isPartOf\":{\"@id\":\"https:\/\/carnnavalcoffee.com\/#website\"},\"primaryImageOfPage\":{\"@id\":\"https:\/\/carnnavalcoffee.com\/producto\/cafe-con-caramelo-370-gr\/#primaryimage\"},\"image\":{\"@id\":\"https:\/\/carnnavalcoffee.com\/producto\/cafe-con-caramelo-370-gr\/#primaryimage\"},\"thumbnailUrl\":\"https:\/\/carnnavalcoffee.com\/wp-content\/uploads\/2025\/12\/CAFE-CARNNAVAL.jpg\",\"datePublished\":\"2025-12-26T21:16:49+00:00\",\"dateModified\":\"2026-04-14T20:33:54+00:00\",\"breadcrumb\":{\"@id\":\"https:\/\/carnnavalcoffee.com\/producto\/cafe-con-caramelo-370-gr\/#breadcrumb\"},\"inLanguage\":\"en-US\",\"potentialAction\":[{\"@type\":\"ReadAction\",\"target\":[\"https:\/\/carnnavalcoffee.com\/producto\/cafe-con-caramelo-370-gr\/\"]}]},{\"@type\":\"ImageObject\",\"inLanguage\":\"en-US\",\"@id\":\"https:\/\/carnnavalcoffee.com\/producto\/cafe-con-caramelo-370-gr\/#primaryimage\",\"url\":\"https:\/\/carnnavalcoffee.com\/wp-content\/uploads\/2025\/12\/CAFE-CARNNAVAL.jpg\",\"contentUrl\":\"https:\/\/carnnavalcoffee.com\/wp-content\/uploads\/2025\/12\/CAFE-CARNNAVAL.jpg\",\"width\":904,\"height\":1344,\"caption\":\"Plain dark black wall product background\"},{\"@type\":\"BreadcrumbList\",\"@id\":\"https:\/\/carnnavalcoffee.com\/producto\/cafe-con-caramelo-370-gr\/#breadcrumb\",\"itemListElement\":[{\"@type\":\"ListItem\",\"position\":1,\"name\":\"Inicio\",\"item\":\"https:\/\/carnnavalcoffee.com\/\"},{\"@type\":\"ListItem\",\"position\":2,\"name\":\"Tienda\",\"item\":\"https:\/\/carnnavalcoffee.com\/tienda\/\"},{\"@type\":\"ListItem\",\"position\":3,\"name\":\"Caf\u00e9 Caramelo\"}]},{\"@type\":\"WebSite\",\"@id\":\"https:\/\/carnnavalcoffee.com\/#website\",\"url\":\"https:\/\/carnnavalcoffee.com\/\",\"name\":\"Carnnaval Coffee | Caf\u00e9 del Eje cafetero\",\"description\":\"Caf\u00e9 de especialidad\",\"publisher\":{\"@id\":\"https:\/\/carnnavalcoffee.com\/#organization\"},\"potentialAction\":[{\"@type\":\"SearchAction\",\"target\":{\"@type\":\"EntryPoint\",\"urlTemplate\":\"https:\/\/carnnavalcoffee.com\/?s={search_term_string}\"},\"query-input\":{\"@type\":\"PropertyValueSpecification\",\"valueRequired\":true,\"valueName\":\"search_term_string\"}}],\"inLanguage\":\"en-US\"},{\"@type\":\"Organization\",\"@id\":\"https:\/\/carnnavalcoffee.com\/#organization\",\"name\":\"Carnnaval Coffee | Caf\u00e9 del Eje cafetero\",\"url\":\"https:\/\/carnnavalcoffee.com\/\",\"logo\":{\"@type\":\"ImageObject\",\"inLanguage\":\"en-US\",\"@id\":\"https:\/\/carnnavalcoffee.com\/#\/schema\/logo\/image\/\",\"url\":\"https:\/\/carnnavalcoffee.com\/wp-content\/uploads\/2025\/12\/a13a3f503538dcd4aeb872e3eb0f9f0d-mardi-gras-6.webp\",\"contentUrl\":\"https:\/\/carnnavalcoffee.com\/wp-content\/uploads\/2025\/12\/a13a3f503538dcd4aeb872e3eb0f9f0d-mardi-gras-6.webp\",\"width\":512,\"height\":512,\"caption\":\"Carnnaval Coffee |  Caf\u00e9 del Eje cafetero \"},\"image\":{\"@id\":\"https:\/\/carnnavalcoffee.com\/#\/schema\/logo\/image\/\"}}]}<\/script>\n<!-- \/ Yoast SEO plugin. -->","yoast_head_json":{"title":"Caf\u00e9 Caramelo - Carnnaval Coffee | Caf\u00e9 del Eje cafetero","robots":{"index":"index","follow":"follow","max-snippet":"max-snippet:-1","max-image-preview":"max-image-preview:large","max-video-preview":"max-video-preview:-1"},"canonical":"https:\/\/carnnavalcoffee.com\/en\/product\/cafe-con-caramelo-370-gr\/","og_locale":"en_US","og_type":"article","og_title":"Caf\u00e9 Caramelo - Carnnaval Coffee | Caf\u00e9 del Eje cafetero","og_description":"Este caf\u00e9 se elabora con granos de variedad Castillo mediante un proceso lavado y una tosti\u00f3n media que resalta su dulzura natural y su cuerpo balanceado. Su perfil sensorial es suave y redondo, con sabores que evocan notas dulces y achocolatadas, logrando una bebida armoniosa, arom\u00e1tica y de excelente aceptaci\u00f3n. Es un caf\u00e9 vers\u00e1til, ideal para m\u00e9todos filtrados o espresso, manteniendo una sensaci\u00f3n c\u00e1lida y persistente en boca. Notas: caramelo \u2013 avellana \u2013 chocolate","og_url":"https:\/\/carnnavalcoffee.com\/en\/product\/cafe-con-caramelo-370-gr\/","og_site_name":"Carnnaval Coffee | Caf\u00e9 del Eje cafetero","article_modified_time":"2026-04-14T20:33:54+00:00","og_image":[{"width":904,"height":1344,"url":"https:\/\/carnnavalcoffee.com\/wp-content\/uploads\/2025\/12\/CAFE-CARNNAVAL.jpg","type":"image\/jpeg"}],"twitter_card":"summary_large_image","twitter_misc":{"Est. reading time":"1 minute"},"schema":{"@context":"https:\/\/schema.org","@graph":[{"@type":"WebPage","@id":"https:\/\/carnnavalcoffee.com\/producto\/cafe-con-caramelo-370-gr\/","url":"https:\/\/carnnavalcoffee.com\/producto\/cafe-con-caramelo-370-gr\/","name":"Caf\u00e9 Caramelo - Carnnaval Coffee | Caf\u00e9 del Eje cafetero","isPartOf":{"@id":"https:\/\/carnnavalcoffee.com\/#website"},"primaryImageOfPage":{"@id":"https:\/\/carnnavalcoffee.com\/producto\/cafe-con-caramelo-370-gr\/#primaryimage"},"image":{"@id":"https:\/\/carnnavalcoffee.com\/producto\/cafe-con-caramelo-370-gr\/#primaryimage"},"thumbnailUrl":"https:\/\/carnnavalcoffee.com\/wp-content\/uploads\/2025\/12\/CAFE-CARNNAVAL.jpg","datePublished":"2025-12-26T21:16:49+00:00","dateModified":"2026-04-14T20:33:54+00:00","breadcrumb":{"@id":"https:\/\/carnnavalcoffee.com\/producto\/cafe-con-caramelo-370-gr\/#breadcrumb"},"inLanguage":"en-US","potentialAction":[{"@type":"ReadAction","target":["https:\/\/carnnavalcoffee.com\/producto\/cafe-con-caramelo-370-gr\/"]}]},{"@type":"ImageObject","inLanguage":"en-US","@id":"https:\/\/carnnavalcoffee.com\/producto\/cafe-con-caramelo-370-gr\/#primaryimage","url":"https:\/\/carnnavalcoffee.com\/wp-content\/uploads\/2025\/12\/CAFE-CARNNAVAL.jpg","contentUrl":"https:\/\/carnnavalcoffee.com\/wp-content\/uploads\/2025\/12\/CAFE-CARNNAVAL.jpg","width":904,"height":1344,"caption":"Plain dark black wall product background"},{"@type":"BreadcrumbList","@id":"https:\/\/carnnavalcoffee.com\/producto\/cafe-con-caramelo-370-gr\/#breadcrumb","itemListElement":[{"@type":"ListItem","position":1,"name":"Inicio","item":"https:\/\/carnnavalcoffee.com\/"},{"@type":"ListItem","position":2,"name":"Tienda","item":"https:\/\/carnnavalcoffee.com\/tienda\/"},{"@type":"ListItem","position":3,"name":"Caf\u00e9 Caramelo"}]},{"@type":"WebSite","@id":"https:\/\/carnnavalcoffee.com\/#website","url":"https:\/\/carnnavalcoffee.com\/","name":"Carnnaval Coffee | Caf\u00e9 del Eje cafetero","description":"Caf\u00e9 de especialidad","publisher":{"@id":"https:\/\/carnnavalcoffee.com\/#organization"},"potentialAction":[{"@type":"SearchAction","target":{"@type":"EntryPoint","urlTemplate":"https:\/\/carnnavalcoffee.com\/?s={search_term_string}"},"query-input":{"@type":"PropertyValueSpecification","valueRequired":true,"valueName":"search_term_string"}}],"inLanguage":"en-US"},{"@type":"Organization","@id":"https:\/\/carnnavalcoffee.com\/#organization","name":"Carnnaval Coffee | Caf\u00e9 del Eje cafetero","url":"https:\/\/carnnavalcoffee.com\/","logo":{"@type":"ImageObject","inLanguage":"en-US","@id":"https:\/\/carnnavalcoffee.com\/#\/schema\/logo\/image\/","url":"https:\/\/carnnavalcoffee.com\/wp-content\/uploads\/2025\/12\/a13a3f503538dcd4aeb872e3eb0f9f0d-mardi-gras-6.webp","contentUrl":"https:\/\/carnnavalcoffee.com\/wp-content\/uploads\/2025\/12\/a13a3f503538dcd4aeb872e3eb0f9f0d-mardi-gras-6.webp","width":512,"height":512,"caption":"Carnnaval Coffee |  Caf\u00e9 del Eje cafetero "},"image":{"@id":"https:\/\/carnnavalcoffee.com\/#\/schema\/logo\/image\/"}}]}},"_links":{"self":[{"href":"https:\/\/carnnavalcoffee.com\/en\/wp-json\/wp\/v2\/product\/38","targetHints":{"allow":["GET"]}}],"collection":[{"href":"https:\/\/carnnavalcoffee.com\/en\/wp-json\/wp\/v2\/product"}],"about":[{"href":"https:\/\/carnnavalcoffee.com\/en\/wp-json\/wp\/v2\/types\/product"}],"wp:featuredmedia":[{"embeddable":true,"href":"https:\/\/carnnavalcoffee.com\/en\/wp-json\/wp\/v2\/media\/16640"}],"wp:attachment":[{"href":"https:\/\/carnnavalcoffee.com\/en\/wp-json\/wp\/v2\/media?parent=38"}],"wp:term":[{"taxonomy":"product_brand","embeddable":true,"href":"https:\/\/carnnavalcoffee.com\/en\/wp-json\/wp\/v2\/product_brand?post=38"},{"taxonomy":"product_cat","embeddable":true,"href":"https:\/\/carnnavalcoffee.com\/en\/wp-json\/wp\/v2\/product_cat?post=38"},{"taxonomy":"product_tag","embeddable":true,"href":"https:\/\/carnnavalcoffee.com\/en\/wp-json\/wp\/v2\/product_tag?post=38"}],"curies":[{"name":"wp","href":"https:\/\/api.w.org\/{rel}","templated":true}]}}